{"id":12114,"date":"2021-12-14T05:38:17","date_gmt":"2021-12-14T05:38:17","guid":{"rendered":"https:\/\/istarmax.com\/service\/"},"modified":"2023-10-16T11:04:29","modified_gmt":"2023-10-16T11:04:29","slug":"service","status":"publish","type":"page","link":"https:\/\/istarmax.com\/fr\/service\/","title":{"rendered":"Service"},"content":{"rendered":"\t\t<div data-elementor-type=\"wp-page\" data-elementor-id=\"12114\" class=\"elementor elementor-12114 elementor-32\" data-elementor-post-type=\"page\">\n\t\t\t\t\t\t<section class=\"elementor-section elementor-top-section elementor-element elementor-element-2b86a9a elementor-section-height-min-height elementor-section-items-bottom elementor-section-boxed elementor-section-height-default\" data-id=\"2b86a9a\" data-element_type=\"section\" data-e-type=\"section\" data-settings=\"{&quot;background_background&quot;:&quot;classic&quot;}\">\n\t\t\t\t\t\t<div class=\"elementor-container elementor-column-gap-default\">\n\t\t\t\t\t<div class=\"elementor-column elementor-col-100 elementor-top-column elementor-element elementor-element-cb9cef4\" data-id=\"cb9cef4\" data-element_type=\"column\" data-e-type=\"column\" data-settings=\"{&quot;background_background&quot;:&quot;classic&quot;}\">\n\t\t\t<div class=\"elementor-widget-wrap elementor-element-populated\">\n\t\t\t\t\t\t<div class=\"elementor-element elementor-element-dbeefb6 elementor-widget elementor-widget-heading\" data-id=\"dbeefb6\" data-element_type=\"widget\" data-e-type=\"widget\" data-widget_type=\"heading.default\">\n\t\t\t\t<div class=\"elementor-widget-container\">\n\t\t\t\t\t<h1 class=\"elementor-heading-title elementor-size-default\">Nos services<\/h1>\t\t\t\t<\/div>\n\t\t\t\t<\/div>\n\t\t\t\t\t<\/div>\n\t\t<\/div>\n\t\t\t\t\t<\/div>\n\t\t<\/section>\n\t\t\t\t<section class=\"elementor-section elementor-top-section elementor-element elementor-element-1789497 elementor-section-boxed elementor-section-height-default elementor-section-height-default\" data-id=\"1789497\" data-element_type=\"section\" data-e-type=\"section\">\n\t\t\t\t\t\t<div class=\"elementor-container elementor-column-gap-default\">\n\t\t\t\t\t<div class=\"elementor-column elementor-col-100 elementor-top-column elementor-element elementor-element-132617a\" data-id=\"132617a\" data-element_type=\"column\" data-e-type=\"column\">\n\t\t\t<div class=\"elementor-widget-wrap elementor-element-populated\">\n\t\t\t\t\t\t<div class=\"elementor-element elementor-element-592d8e7 elementor-widget elementor-widget-text-editor\" data-id=\"592d8e7\" data-element_type=\"widget\" data-e-type=\"widget\" data-widget_type=\"text-editor.default\">\n\t\t\t\t<div class=\"elementor-widget-container\">\n\t\t\t\t\t\t\t\t\t<p>Quel que soit votre type d\u2019entreprise, Starmax fournit des services tout-en-un pour fabriquer votre montre. Du mat\u00e9riel au logiciel, du commerce \u00e9lectronique \u00e0 l\u2019OEM \/ ODM. Starmax offre le meilleur produit ainsi que le meilleur service.<\/p>\n\t\t\t\t\t\t\t\t<\/div>\n\t\t\t\t<\/div>\n\t\t\t\t\t<\/div>\n\t\t<\/div>\n\t\t\t\t\t<\/div>\n\t\t<\/section>\n\t\t\t\t<section class=\"elementor-section elementor-inner-section elementor-element elementor-element-46a5de5e elementor-section-content-middle elementor-section-boxed elementor-section-height-default elementor-section-height-default\" data-id=\"46a5de5e\" data-element_type=\"section\" data-e-type=\"section\">\n\t\t\t\t\t\t<div class=\"elementor-container elementor-column-gap-no\">\n\t\t\t\t\t<div class=\"elementor-column elementor-col-50 elementor-inner-column elementor-element elementor-element-9b8babd\" data-id=\"9b8babd\" data-element_type=\"column\" data-e-type=\"column\" data-settings=\"{&quot;background_background&quot;:&quot;classic&quot;}\">\n\t\t\t<div class=\"elementor-widget-wrap elementor-element-populated\">\n\t\t\t\t\t\t<div class=\"elementor-element elementor-element-457723a6 elementor-position-top elementor-widget elementor-widget-image-box\" data-id=\"457723a6\" data-element_type=\"widget\" data-e-type=\"widget\" data-widget_type=\"image-box.default\">\n\t\t\t\t<div class=\"elementor-widget-container\">\n\t\t\t\t\t<div class=\"elementor-image-box-wrapper\"><figure class=\"elementor-image-box-img\"><a href=\"https:\/\/istarmax.com\/fr\/service\/oem-odm-et-personnaliser\/\" tabindex=\"-1\"><img fetchpriority=\"high\" decoding=\"async\" width=\"512\" height=\"512\" src=\"https:\/\/istarmax.com\/wp-content\/uploads\/2022\/01\/conveyor.png\" class=\"elementor-animation-grow attachment-full size-full wp-image-355\" alt=\"\" srcset=\"https:\/\/istarmax.com\/wp-content\/uploads\/2022\/01\/conveyor.png 512w, https:\/\/istarmax.com\/wp-content\/uploads\/2022\/01\/conveyor-300x300.png 300w, https:\/\/istarmax.com\/wp-content\/uploads\/2022\/01\/conveyor-150x150.png 150w\" sizes=\"(max-width: 512px) 100vw, 512px\" \/><\/a><\/figure><div class=\"elementor-image-box-content\"><h3 class=\"elementor-image-box-title\"><a href=\"https:\/\/istarmax.com\/fr\/service\/oem-odm-et-personnaliser\/\">OEM, ODM, Personnaliser<\/a><\/h3><p class=\"elementor-image-box-description\">Apprendre \u00e0 conna\u00eetre nos options OEM, ODM, Personnaliser et re-branding pour votre propre montre intelligente de marque.<\/p><\/div><\/div>\t\t\t\t<\/div>\n\t\t\t\t<\/div>\n\t\t\t\t<div class=\"elementor-element elementor-element-b75935d elementor-align-center elementor-widget elementor-widget-button\" data-id=\"b75935d\" data-element_type=\"widget\" data-e-type=\"widget\" data-settings=\"{&quot;_animation&quot;:&quot;none&quot;}\" data-widget_type=\"button.default\">\n\t\t\t\t<div class=\"elementor-widget-container\">\n\t\t\t\t\t\t\t\t\t<div class=\"elementor-button-wrapper\">\n\t\t\t\t\t<a class=\"elementor-button elementor-button-link elementor-size-lg elementor-animation-grow\" href=\"https:\/\/istarmax.com\/fr\/service\/oem-odm-et-personnaliser\/\">\n\t\t\t\t\t\t<span class=\"elementor-button-content-wrapper\">\n\t\t\t\t\t\t\t\t\t<span class=\"elementor-button-text\">Pour en savoir plus<\/span>\n\t\t\t\t\t<\/span>\n\t\t\t\t\t<\/a>\n\t\t\t\t<\/div>\n\t\t\t\t\t\t\t\t<\/div>\n\t\t\t\t<\/div>\n\t\t\t\t\t<\/div>\n\t\t<\/div>\n\t\t\t\t<div class=\"elementor-column elementor-col-50 elementor-inner-column elementor-element elementor-element-7b0e35a\" data-id=\"7b0e35a\" data-element_type=\"column\" data-e-type=\"column\" data-settings=\"{&quot;background_background&quot;:&quot;classic&quot;}\">\n\t\t\t<div class=\"elementor-widget-wrap elementor-element-populated\">\n\t\t\t\t\t\t<div class=\"elementor-element elementor-element-0adc437 elementor-position-top elementor-widget elementor-widget-image-box\" data-id=\"0adc437\" data-element_type=\"widget\" data-e-type=\"widget\" data-widget_type=\"image-box.default\">\n\t\t\t\t<div class=\"elementor-widget-container\">\n\t\t\t\t\t<div class=\"elementor-image-box-wrapper\"><figure class=\"elementor-image-box-img\"><a href=\"https:\/\/istarmax.com\/fr\/service\/sourcing-de-montres-intelligentes-pour-les-vendeurs-de-commerce\/\" tabindex=\"-1\"><img decoding=\"async\" width=\"512\" height=\"512\" src=\"https:\/\/istarmax.com\/wp-content\/uploads\/2022\/01\/package.png\" class=\"elementor-animation-grow attachment-full size-full wp-image-359\" alt=\"\" srcset=\"https:\/\/istarmax.com\/wp-content\/uploads\/2022\/01\/package.png 512w, https:\/\/istarmax.com\/wp-content\/uploads\/2022\/01\/package-300x300.png 300w, https:\/\/istarmax.com\/wp-content\/uploads\/2022\/01\/package-150x150.png 150w\" sizes=\"(max-width: 512px) 100vw, 512px\" \/><\/a><\/figure><div class=\"elementor-image-box-content\"><h3 class=\"elementor-image-box-title\"><a href=\"https:\/\/istarmax.com\/fr\/service\/sourcing-de-montres-intelligentes-pour-les-vendeurs-de-commerce\/\">Vendeurs e-Commerce<\/a><\/h3><p class=\"elementor-image-box-description\">  Si vous g\u00e9rez votre propre boutique sur Amazon, eBay ou Site Web. Smartwatch est un excellent produit \u00e0 vendre en ligne.<\/p><\/div><\/div>\t\t\t\t<\/div>\n\t\t\t\t<\/div>\n\t\t\t\t<div class=\"elementor-element elementor-element-da1bf1c elementor-align-center elementor-widget elementor-widget-button\" data-id=\"da1bf1c\" data-element_type=\"widget\" data-e-type=\"widget\" data-settings=\"{&quot;_animation&quot;:&quot;none&quot;}\" data-widget_type=\"button.default\">\n\t\t\t\t<div class=\"elementor-widget-container\">\n\t\t\t\t\t\t\t\t\t<div class=\"elementor-button-wrapper\">\n\t\t\t\t\t<a class=\"elementor-button elementor-button-link elementor-size-lg elementor-animation-grow\" href=\"https:\/\/istarmax.com\/fr\/service\/sourcing-de-montres-intelligentes-pour-les-vendeurs-de-commerce\/\">\n\t\t\t\t\t\t<span class=\"elementor-button-content-wrapper\">\n\t\t\t\t\t\t\t\t\t<span class=\"elementor-button-text\">Pour en savoir plus<\/span>\n\t\t\t\t\t<\/span>\n\t\t\t\t\t<\/a>\n\t\t\t\t<\/div>\n\t\t\t\t\t\t\t\t<\/div>\n\t\t\t\t<\/div>\n\t\t\t\t\t<\/div>\n\t\t<\/div>\n\t\t\t\t\t<\/div>\n\t\t<\/section>\n\t\t\t\t<section class=\"elementor-section elementor-inner-section elementor-element elementor-element-f117298 elementor-section-content-middle elementor-section-boxed elementor-section-height-default elementor-section-height-default\" data-id=\"f117298\" data-element_type=\"section\" data-e-type=\"section\">\n\t\t\t\t\t\t<div class=\"elementor-container elementor-column-gap-no\">\n\t\t\t\t\t<div class=\"elementor-column elementor-col-50 elementor-inner-column elementor-element elementor-element-056bb36\" data-id=\"056bb36\" data-element_type=\"column\" data-e-type=\"column\" data-settings=\"{&quot;background_background&quot;:&quot;classic&quot;}\">\n\t\t\t<div class=\"elementor-widget-wrap elementor-element-populated\">\n\t\t\t\t\t\t<div class=\"elementor-element elementor-element-67252f2 elementor-position-top elementor-widget elementor-widget-image-box\" data-id=\"67252f2\" data-element_type=\"widget\" data-e-type=\"widget\" data-widget_type=\"image-box.default\">\n\t\t\t\t<div class=\"elementor-widget-container\">\n\t\t\t\t\t<div class=\"elementor-image-box-wrapper\"><figure class=\"elementor-image-box-img\"><a href=\"https:\/\/istarmax.com\/fr\/service\/idee-de-cadeaux-dappreciation-de-lemploye-ou-du-personnel\/\" tabindex=\"-1\"><img decoding=\"async\" width=\"512\" height=\"512\" src=\"https:\/\/istarmax.com\/wp-content\/uploads\/2022\/01\/giftbox.png\" class=\"elementor-animation-grow attachment-full size-full wp-image-357\" alt=\"\" srcset=\"https:\/\/istarmax.com\/wp-content\/uploads\/2022\/01\/giftbox.png 512w, https:\/\/istarmax.com\/wp-content\/uploads\/2022\/01\/giftbox-300x300.png 300w, https:\/\/istarmax.com\/wp-content\/uploads\/2022\/01\/giftbox-150x150.png 150w\" sizes=\"(max-width: 512px) 100vw, 512px\" \/><\/a><\/figure><div class=\"elementor-image-box-content\"><h3 class=\"elementor-image-box-title\"><a href=\"https:\/\/istarmax.com\/fr\/service\/idee-de-cadeaux-dappreciation-de-lemploye-ou-du-personnel\/\">Cadeaux d\u2019entreprise<\/a><\/h3><p class=\"elementor-image-box-description\">La montre intelligente est un cadeau unique pour les employ\u00e9s, les \u00e9tudiants, les membres du club et vos clients.  <\/p><\/div><\/div>\t\t\t\t<\/div>\n\t\t\t\t<\/div>\n\t\t\t\t<div class=\"elementor-element elementor-element-4611121 elementor-align-center elementor-widget elementor-widget-button\" data-id=\"4611121\" data-element_type=\"widget\" data-e-type=\"widget\" data-settings=\"{&quot;_animation&quot;:&quot;none&quot;}\" data-widget_type=\"button.default\">\n\t\t\t\t<div class=\"elementor-widget-container\">\n\t\t\t\t\t\t\t\t\t<div class=\"elementor-button-wrapper\">\n\t\t\t\t\t<a class=\"elementor-button elementor-button-link elementor-size-lg elementor-animation-grow\" href=\"https:\/\/istarmax.com\/fr\/service\/idee-de-cadeaux-dappreciation-de-lemploye-ou-du-personnel\/\">\n\t\t\t\t\t\t<span class=\"elementor-button-content-wrapper\">\n\t\t\t\t\t\t\t\t\t<span class=\"elementor-button-text\">Pour en savoir plus<\/span>\n\t\t\t\t\t<\/span>\n\t\t\t\t\t<\/a>\n\t\t\t\t<\/div>\n\t\t\t\t\t\t\t\t<\/div>\n\t\t\t\t<\/div>\n\t\t\t\t\t<\/div>\n\t\t<\/div>\n\t\t\t\t<div class=\"elementor-column elementor-col-50 elementor-inner-column elementor-element elementor-element-233272a4\" data-id=\"233272a4\" data-element_type=\"column\" data-e-type=\"column\" data-settings=\"{&quot;background_background&quot;:&quot;classic&quot;}\">\n\t\t\t<div class=\"elementor-widget-wrap elementor-element-populated\">\n\t\t\t\t\t\t<div class=\"elementor-element elementor-element-73f2e14c elementor-position-top elementor-widget elementor-widget-image-box\" data-id=\"73f2e14c\" data-element_type=\"widget\" data-e-type=\"widget\" data-widget_type=\"image-box.default\">\n\t\t\t\t<div class=\"elementor-widget-container\">\n\t\t\t\t\t<div class=\"elementor-image-box-wrapper\"><figure class=\"elementor-image-box-img\"><a href=\"https:\/\/istarmax.com\/fr\/service\/application\/\" tabindex=\"-1\"><img loading=\"lazy\" decoding=\"async\" width=\"512\" height=\"512\" src=\"https:\/\/istarmax.com\/wp-content\/uploads\/2022\/01\/app-store.png\" class=\"elementor-animation-grow attachment-full size-full wp-image-358\" alt=\"\" srcset=\"https:\/\/istarmax.com\/wp-content\/uploads\/2022\/01\/app-store.png 512w, https:\/\/istarmax.com\/wp-content\/uploads\/2022\/01\/app-store-300x300.png 300w, https:\/\/istarmax.com\/wp-content\/uploads\/2022\/01\/app-store-150x150.png 150w\" sizes=\"(max-width: 512px) 100vw, 512px\" \/><\/a><\/figure><div class=\"elementor-image-box-content\"><h3 class=\"elementor-image-box-title\"><a href=\"https:\/\/istarmax.com\/fr\/service\/application\/\">Application, Logiciel, SDK<\/a><\/h3><p class=\"elementor-image-box-description\">T\u00e9l\u00e9chargez l\u2019application Runmefit pour tous les produits Starmax. Nous acceptons les services li\u00e9s au d\u00e9veloppement d\u2019applications et au SDK.<\/p><\/div><\/div>\t\t\t\t<\/div>\n\t\t\t\t<\/div>\n\t\t\t\t<div class=\"elementor-element elementor-element-d5fb0c2 elementor-align-center elementor-widget elementor-widget-button\" data-id=\"d5fb0c2\" data-element_type=\"widget\" data-e-type=\"widget\" data-settings=\"{&quot;_animation&quot;:&quot;none&quot;}\" data-widget_type=\"button.default\">\n\t\t\t\t<div class=\"elementor-widget-container\">\n\t\t\t\t\t\t\t\t\t<div class=\"elementor-button-wrapper\">\n\t\t\t\t\t<a class=\"elementor-button elementor-button-link elementor-size-lg elementor-animation-grow\" href=\"https:\/\/istarmax.com\/fr\/service\/application\/\">\n\t\t\t\t\t\t<span class=\"elementor-button-content-wrapper\">\n\t\t\t\t\t\t\t\t\t<span class=\"elementor-button-text\">T\u00e9l\u00e9charger Runmefit<\/span>\n\t\t\t\t\t<\/span>\n\t\t\t\t\t<\/a>\n\t\t\t\t<\/div>\n\t\t\t\t\t\t\t\t<\/div>\n\t\t\t\t<\/div>\n\t\t\t\t\t<\/div>\n\t\t<\/div>\n\t\t\t\t\t<\/div>\n\t\t<\/section>\n\t\t\t\t<\/div>\n\t\t","protected":false},"excerpt":{"rendered":"<p>Nos services Quel que soit votre type d\u2019entreprise, Starmax fournit des services tout-en-un pour fabriquer votre montre. Du mat\u00e9riel au logiciel, du commerce \u00e9lectronique \u00e0 l\u2019OEM \/ ODM. Starmax offre le meilleur produit ainsi que le meilleur service. OEM, ODM, Personnaliser Apprendre \u00e0 conna\u00eetre nos options OEM, ODM, Personnaliser et re-branding pour votre propre montre [&hellip;]<\/p>\n","protected":false},"author":1,"featured_media":0,"parent":0,"menu_order":0,"comment_status":"closed","ping_status":"closed","template":"","meta":{"_seopress_robots_primary_cat":"","_seopress_titles_title":"","_seopress_titles_desc":"","_seopress_robots_index":"","_angie_page":false,"footnotes":""},"class_list":["post-12114","page","type-page","status-publish","hentry"],"yoast_head":"<!-- This site is optimized with the Yoast SEO plugin v27.4 - https:\/\/yoast.com\/product\/yoast-seo-wordpress\/ -->\n<title>Service - Smart Watch, Fitness Tracker Manufacturer, OEM, ODM | Starmax Technology<\/title>\n<meta name=\"robots\" content=\"index, follow, max-snippet:-1, max-image-preview:large, max-video-preview:-1\" \/>\n<link rel=\"canonical\" href=\"https:\/\/istarmax.com\/fr\/service\/\" \/>\n<meta property=\"og:locale\" content=\"fr_FR\" \/>\n<meta property=\"og:type\" content=\"article\" \/>\n<meta property=\"og:title\" content=\"Service - Smart Watch, Fitness Tracker Manufacturer, OEM, ODM | Starmax Technology\" \/>\n<meta property=\"og:description\" content=\"Nos services Quel que soit votre type d\u2019entreprise, Starmax fournit des services tout-en-un pour fabriquer votre montre. Du mat\u00e9riel au logiciel, du commerce \u00e9lectronique \u00e0 l\u2019OEM \/ ODM. Starmax offre le meilleur produit ainsi que le meilleur service. OEM, ODM, Personnaliser Apprendre \u00e0 conna\u00eetre nos options OEM, ODM, Personnaliser et re-branding pour votre propre montre [&hellip;]\" \/>\n<meta property=\"og:url\" content=\"https:\/\/istarmax.com\/fr\/service\/\" \/>\n<meta property=\"og:site_name\" content=\"Smart Watch, Fitness Tracker Manufacturer, OEM, ODM | Starmax Technology\" \/>\n<meta property=\"article:publisher\" content=\"https:\/\/www.facebook.com\/istarmax\" \/>\n<meta property=\"article:modified_time\" content=\"2023-10-16T11:04:29+00:00\" \/>\n<meta property=\"og:image\" content=\"https:\/\/istarmax.com\/wp-content\/uploads\/2022\/01\/conveyor.png\" \/>\n<meta name=\"twitter:card\" content=\"summary_large_image\" \/>\n<meta name=\"twitter:label1\" content=\"Dur\u00e9e de lecture estim\u00e9e\" \/>\n\t<meta name=\"twitter:data1\" content=\"1 minute\" \/>\n<script type=\"application\/ld+json\" class=\"yoast-schema-graph\">{\"@context\":\"https:\\\/\\\/schema.org\",\"@graph\":[{\"@type\":\"WebPage\",\"@id\":\"https:\\\/\\\/istarmax.com\\\/fr\\\/service\\\/\",\"url\":\"https:\\\/\\\/istarmax.com\\\/fr\\\/service\\\/\",\"name\":\"Service - Smart Watch, Fitness Tracker Manufacturer, OEM, ODM | Starmax Technology\",\"isPartOf\":{\"@id\":\"https:\\\/\\\/istarmax.com\\\/de\\\/#website\"},\"primaryImageOfPage\":{\"@id\":\"https:\\\/\\\/istarmax.com\\\/fr\\\/service\\\/#primaryimage\"},\"image\":{\"@id\":\"https:\\\/\\\/istarmax.com\\\/fr\\\/service\\\/#primaryimage\"},\"thumbnailUrl\":\"https:\\\/\\\/istarmax.com\\\/wp-content\\\/uploads\\\/2022\\\/01\\\/conveyor.png\",\"datePublished\":\"2021-12-14T05:38:17+00:00\",\"dateModified\":\"2023-10-16T11:04:29+00:00\",\"breadcrumb\":{\"@id\":\"https:\\\/\\\/istarmax.com\\\/fr\\\/service\\\/#breadcrumb\"},\"inLanguage\":\"fr-FR\",\"potentialAction\":[{\"@type\":\"ReadAction\",\"target\":[\"https:\\\/\\\/istarmax.com\\\/fr\\\/service\\\/\"]}]},{\"@type\":\"ImageObject\",\"inLanguage\":\"fr-FR\",\"@id\":\"https:\\\/\\\/istarmax.com\\\/fr\\\/service\\\/#primaryimage\",\"url\":\"https:\\\/\\\/istarmax.com\\\/wp-content\\\/uploads\\\/2022\\\/01\\\/conveyor.png\",\"contentUrl\":\"https:\\\/\\\/istarmax.com\\\/wp-content\\\/uploads\\\/2022\\\/01\\\/conveyor.png\"},{\"@type\":\"BreadcrumbList\",\"@id\":\"https:\\\/\\\/istarmax.com\\\/fr\\\/service\\\/#breadcrumb\",\"itemListElement\":[{\"@type\":\"ListItem\",\"position\":1,\"name\":\"Home\",\"item\":\"https:\\\/\\\/istarmax.com\\\/fr\\\/\"},{\"@type\":\"ListItem\",\"position\":2,\"name\":\"Service\"}]},{\"@type\":\"WebSite\",\"@id\":\"https:\\\/\\\/istarmax.com\\\/de\\\/#website\",\"url\":\"https:\\\/\\\/istarmax.com\\\/de\\\/\",\"name\":\"Smart Watch, Fitness Tracker Manufacturer, OEM, ODM | Starmax Technology\",\"description\":\"\",\"potentialAction\":[{\"@type\":\"SearchAction\",\"target\":{\"@type\":\"EntryPoint\",\"urlTemplate\":\"https:\\\/\\\/istarmax.com\\\/de\\\/?s={search_term_string}\"},\"query-input\":{\"@type\":\"PropertyValueSpecification\",\"valueRequired\":true,\"valueName\":\"search_term_string\"}}],\"inLanguage\":\"fr-FR\"}]}<\/script>\n<!-- \/ Yoast SEO plugin. -->","yoast_head_json":{"title":"Service - Smart Watch, Fitness Tracker Manufacturer, OEM, ODM | Starmax Technology","robots":{"index":"index","follow":"follow","max-snippet":"max-snippet:-1","max-image-preview":"max-image-preview:large","max-video-preview":"max-video-preview:-1"},"canonical":"https:\/\/istarmax.com\/fr\/service\/","og_locale":"fr_FR","og_type":"article","og_title":"Service - Smart Watch, Fitness Tracker Manufacturer, OEM, ODM | Starmax Technology","og_description":"Nos services Quel que soit votre type d\u2019entreprise, Starmax fournit des services tout-en-un pour fabriquer votre montre. Du mat\u00e9riel au logiciel, du commerce \u00e9lectronique \u00e0 l\u2019OEM \/ ODM. Starmax offre le meilleur produit ainsi que le meilleur service. OEM, ODM, Personnaliser Apprendre \u00e0 conna\u00eetre nos options OEM, ODM, Personnaliser et re-branding pour votre propre montre [&hellip;]","og_url":"https:\/\/istarmax.com\/fr\/service\/","og_site_name":"Smart Watch, Fitness Tracker Manufacturer, OEM, ODM | Starmax Technology","article_publisher":"https:\/\/www.facebook.com\/istarmax","article_modified_time":"2023-10-16T11:04:29+00:00","og_image":[{"url":"https:\/\/istarmax.com\/wp-content\/uploads\/2022\/01\/conveyor.png","type":"","width":"","height":""}],"twitter_card":"summary_large_image","twitter_misc":{"Dur\u00e9e de lecture estim\u00e9e":"1 minute"},"schema":{"@context":"https:\/\/schema.org","@graph":[{"@type":"WebPage","@id":"https:\/\/istarmax.com\/fr\/service\/","url":"https:\/\/istarmax.com\/fr\/service\/","name":"Service - Smart Watch, Fitness Tracker Manufacturer, OEM, ODM | Starmax Technology","isPartOf":{"@id":"https:\/\/istarmax.com\/de\/#website"},"primaryImageOfPage":{"@id":"https:\/\/istarmax.com\/fr\/service\/#primaryimage"},"image":{"@id":"https:\/\/istarmax.com\/fr\/service\/#primaryimage"},"thumbnailUrl":"https:\/\/istarmax.com\/wp-content\/uploads\/2022\/01\/conveyor.png","datePublished":"2021-12-14T05:38:17+00:00","dateModified":"2023-10-16T11:04:29+00:00","breadcrumb":{"@id":"https:\/\/istarmax.com\/fr\/service\/#breadcrumb"},"inLanguage":"fr-FR","potentialAction":[{"@type":"ReadAction","target":["https:\/\/istarmax.com\/fr\/service\/"]}]},{"@type":"ImageObject","inLanguage":"fr-FR","@id":"https:\/\/istarmax.com\/fr\/service\/#primaryimage","url":"https:\/\/istarmax.com\/wp-content\/uploads\/2022\/01\/conveyor.png","contentUrl":"https:\/\/istarmax.com\/wp-content\/uploads\/2022\/01\/conveyor.png"},{"@type":"BreadcrumbList","@id":"https:\/\/istarmax.com\/fr\/service\/#breadcrumb","itemListElement":[{"@type":"ListItem","position":1,"name":"Home","item":"https:\/\/istarmax.com\/fr\/"},{"@type":"ListItem","position":2,"name":"Service"}]},{"@type":"WebSite","@id":"https:\/\/istarmax.com\/de\/#website","url":"https:\/\/istarmax.com\/de\/","name":"Smart Watch, Fitness Tracker Manufacturer, OEM, ODM | Starmax Technology","description":"","potentialAction":[{"@type":"SearchAction","target":{"@type":"EntryPoint","urlTemplate":"https:\/\/istarmax.com\/de\/?s={search_term_string}"},"query-input":{"@type":"PropertyValueSpecification","valueRequired":true,"valueName":"search_term_string"}}],"inLanguage":"fr-FR"}]}},"_links":{"self":[{"href":"https:\/\/istarmax.com\/fr\/wp-json\/wp\/v2\/pages\/12114","targetHints":{"allow":["GET"]}}],"collection":[{"href":"https:\/\/istarmax.com\/fr\/wp-json\/wp\/v2\/pages"}],"about":[{"href":"https:\/\/istarmax.com\/fr\/wp-json\/wp\/v2\/types\/page"}],"author":[{"embeddable":true,"href":"https:\/\/istarmax.com\/fr\/wp-json\/wp\/v2\/users\/1"}],"replies":[{"embeddable":true,"href":"https:\/\/istarmax.com\/fr\/wp-json\/wp\/v2\/comments?post=12114"}],"version-history":[{"count":0,"href":"https:\/\/istarmax.com\/fr\/wp-json\/wp\/v2\/pages\/12114\/revisions"}],"wp:attachment":[{"href":"https:\/\/istarmax.com\/fr\/wp-json\/wp\/v2\/media?parent=12114"}],"curies":[{"name":"wp","href":"https:\/\/api.w.org\/{rel}","templated":true}]}}