{"id":12485,"date":"2021-12-31T02:22:05","date_gmt":"2021-12-31T02:22:05","guid":{"rendered":"https:\/\/istarmax.com\/dienst\/app-download\/"},"modified":"2024-11-07T07:35:50","modified_gmt":"2024-11-07T07:35:50","slug":"app-download","status":"publish","type":"page","link":"https:\/\/istarmax.com\/de\/dienste\/app-download\/","title":{"rendered":"App-Download"},"content":{"rendered":"\t\t<div data-elementor-type=\"wp-page\" data-elementor-id=\"12485\" class=\"elementor elementor-12485 elementor-295\" data-elementor-post-type=\"page\">\n\t\t\t\t\t\t<section class=\"elementor-section elementor-top-section elementor-element elementor-element-dc138d0 elementor-section-boxed elementor-section-height-default elementor-section-height-default\" data-id=\"dc138d0\" data-element_type=\"section\" data-e-type=\"section\">\n\t\t\t\t\t\t<div class=\"elementor-container elementor-column-gap-default\">\n\t\t\t\t\t<div class=\"elementor-column elementor-col-100 elementor-top-column elementor-element elementor-element-572bd4b\" data-id=\"572bd4b\" data-element_type=\"column\" data-e-type=\"column\">\n\t\t\t<div class=\"elementor-widget-wrap elementor-element-populated\">\n\t\t\t\t\t\t<div class=\"elementor-element elementor-element-d9938dd elementor-widget elementor-widget-breadcrumbs\" data-id=\"d9938dd\" data-element_type=\"widget\" data-e-type=\"widget\" data-widget_type=\"breadcrumbs.default\">\n\t\t\t\t<div class=\"elementor-widget-container\">\n\t\t\t\t\t<p id=\"breadcrumbs\"><span><span><a href=\"https:\/\/istarmax.com\/de\/\">Home<\/a><\/span><\/span><\/p>\t\t\t\t<\/div>\n\t\t\t\t<\/div>\n\t\t\t\t\t<\/div>\n\t\t<\/div>\n\t\t\t\t\t<\/div>\n\t\t<\/section>\n\t\t\t\t<section class=\"elementor-section elementor-top-section elementor-element elementor-element-03350f1 elementor-section-boxed elementor-section-height-default elementor-section-height-default\" data-id=\"03350f1\" data-element_type=\"section\" data-e-type=\"section\">\n\t\t\t\t\t\t<div class=\"elementor-container elementor-column-gap-default\">\n\t\t\t\t\t<div class=\"elementor-column elementor-col-100 elementor-top-column elementor-element elementor-element-2458780\" data-id=\"2458780\" data-element_type=\"column\" data-e-type=\"column\">\n\t\t\t<div class=\"elementor-widget-wrap elementor-element-populated\">\n\t\t\t\t\t\t<div class=\"elementor-element elementor-element-a1ceaad elementor-widget elementor-widget-heading\" data-id=\"a1ceaad\" data-element_type=\"widget\" data-e-type=\"widget\" data-widget_type=\"heading.default\">\n\t\t\t\t<div class=\"elementor-widget-container\">\n\t\t\t\t\t<h1 class=\"elementor-heading-title elementor-size-default\">Runmefit App f\u00fcr Starmax-Produkte<\/h1>\t\t\t\t<\/div>\n\t\t\t\t<\/div>\n\t\t\t\t\t<\/div>\n\t\t<\/div>\n\t\t\t\t\t<\/div>\n\t\t<\/section>\n\t\t\t\t<section class=\"elementor-section elementor-top-section elementor-element elementor-element-da64ce2 elementor-section-boxed elementor-section-height-default elementor-section-height-default\" data-id=\"da64ce2\" data-element_type=\"section\" data-e-type=\"section\">\n\t\t\t\t\t\t<div class=\"elementor-container elementor-column-gap-default\">\n\t\t\t\t\t<div class=\"elementor-column elementor-col-100 elementor-top-column elementor-element elementor-element-7baf3f7\" data-id=\"7baf3f7\" data-element_type=\"column\" data-e-type=\"column\">\n\t\t\t<div class=\"elementor-widget-wrap elementor-element-populated\">\n\t\t\t\t\t\t<div class=\"elementor-element elementor-element-e067b23 elementor-widget elementor-widget-image\" data-id=\"e067b23\" data-element_type=\"widget\" data-e-type=\"widget\" data-widget_type=\"image.default\">\n\t\t\t\t<div class=\"elementor-widget-container\">\n\t\t\t\t\t\t\t\t\t\t\t\t\t\t\t<img fetchpriority=\"high\" decoding=\"async\" width=\"1200\" height=\"685\" src=\"https:\/\/istarmax.com\/wp-content\/uploads\/2023\/12\/cartoon-illustration-of-a-highly-diverse-group-of-people-running-jpeg.webp\" class=\"attachment-full size-full wp-image-13958\" alt=\"cartoon illustration of a highly diverse group of people running\" \/>\t\t\t\t\t\t\t\t\t\t\t\t\t\t\t<\/div>\n\t\t\t\t<\/div>\n\t\t\t\t\t<\/div>\n\t\t<\/div>\n\t\t\t\t\t<\/div>\n\t\t<\/section>\n\t\t\t\t<section class=\"elementor-section elementor-top-section elementor-element elementor-element-aaf7f44 elementor-section-content-middle elementor-section-boxed elementor-section-height-default elementor-section-height-default\" data-id=\"aaf7f44\" data-element_type=\"section\" data-e-type=\"section\">\n\t\t\t\t\t\t<div class=\"elementor-container elementor-column-gap-default\">\n\t\t\t\t\t<div class=\"elementor-column elementor-col-50 elementor-top-column elementor-element elementor-element-31f368b\" data-id=\"31f368b\" data-element_type=\"column\" data-e-type=\"column\">\n\t\t\t<div class=\"elementor-widget-wrap elementor-element-populated\">\n\t\t\t\t\t\t<div class=\"elementor-element elementor-element-6c335b4 elementor-widget elementor-widget-image\" data-id=\"6c335b4\" data-element_type=\"widget\" data-e-type=\"widget\" data-widget_type=\"image.default\">\n\t\t\t\t<div class=\"elementor-widget-container\">\n\t\t\t\t\t\t\t\t\t\t\t\t\t\t\t<img decoding=\"async\" width=\"150\" height=\"150\" src=\"https:\/\/istarmax.com\/wp-content\/uploads\/2023\/12\/runmefit-icon-150x150.webp\" class=\"attachment-thumbnail size-thumbnail wp-image-13963\" alt=\"runmefit icon official\" \/>\t\t\t\t\t\t\t\t\t\t\t\t\t\t\t<\/div>\n\t\t\t\t<\/div>\n\t\t\t\t\t<\/div>\n\t\t<\/div>\n\t\t\t\t<div class=\"elementor-column elementor-col-50 elementor-top-column elementor-element elementor-element-662a604\" data-id=\"662a604\" data-element_type=\"column\" data-e-type=\"column\">\n\t\t\t<div class=\"elementor-widget-wrap elementor-element-populated\">\n\t\t\t\t\t\t<div class=\"elementor-element elementor-element-0e8a604 elementor-widget elementor-widget-text-editor\" data-id=\"0e8a604\" data-element_type=\"widget\" data-e-type=\"widget\" data-widget_type=\"text-editor.default\">\n\t\t\t\t<div class=\"elementor-widget-container\">\n\t\t\t\t\t\t\t\t\t<h2><strong>Runmefit App f\u00fcr Starmax-Produkte<\/strong><\/h2>\n<p>Genie\u00dfen Sie Gesundheits-, Fitness- und Lifestyle-Management in einer App.<br \/>\nLaden Sie Runmefit herunter, um es mit Ihrem Produkt zu koppeln.<br \/>\nFunktioniert mit iPhone oder Android-Ger\u00e4t.    <\/p>\n<p>Die Runmefit App kann kostenlos heruntergeladen werden.<br \/>\nKlicken Sie auf die Abzeichen unten, um zur Download-Seite weiterzuleiten. <\/p>\n\t\t\t\t\t\t\t\t<\/div>\n\t\t\t\t<\/div>\n\t\t\t\t\t<\/div>\n\t\t<\/div>\n\t\t\t\t\t<\/div>\n\t\t<\/section>\n\t\t\t\t<section class=\"elementor-section elementor-top-section elementor-element elementor-element-75af80f elementor-section-boxed elementor-section-height-default elementor-section-height-default\" data-id=\"75af80f\" data-element_type=\"section\" data-e-type=\"section\">\n\t\t\t\t\t\t<div class=\"elementor-container elementor-column-gap-default\">\n\t\t\t\t\t<div class=\"elementor-column elementor-col-100 elementor-top-column elementor-element elementor-element-ea5ec35\" data-id=\"ea5ec35\" data-element_type=\"column\" data-e-type=\"column\">\n\t\t\t<div class=\"elementor-widget-wrap elementor-element-populated\">\n\t\t\t\t\t\t<section class=\"elementor-section elementor-inner-section elementor-element elementor-element-9d64069 elementor-section-boxed elementor-section-height-default elementor-section-height-default\" data-id=\"9d64069\" data-element_type=\"section\" data-e-type=\"section\">\n\t\t\t\t\t\t<div class=\"elementor-container elementor-column-gap-default\">\n\t\t\t\t\t<div class=\"elementor-column elementor-col-50 elementor-inner-column elementor-element elementor-element-bf8a5c9\" data-id=\"bf8a5c9\" data-element_type=\"column\" data-e-type=\"column\">\n\t\t\t<div class=\"elementor-widget-wrap elementor-element-populated\">\n\t\t\t\t\t\t<div class=\"elementor-element elementor-element-a4257b2 elementor-widget elementor-widget-image\" data-id=\"a4257b2\" data-element_type=\"widget\" data-e-type=\"widget\" data-widget_type=\"image.default\">\n\t\t\t\t<div class=\"elementor-widget-container\">\n\t\t\t\t\t\t\t\t\t\t\t\t\t\t\t\t<a href=\"https:\/\/apps.apple.com\/us\/app\/runmefit\/id1577460653\">\n\t\t\t\t\t\t\t<img decoding=\"async\" width=\"800\" height=\"238\" src=\"https:\/\/istarmax.com\/wp-content\/uploads\/2022\/01\/2560pxdownload_on_the_app_store_badgesvg-1632293249406-1024x304-1.webp\" class=\"attachment-large size-large wp-image-12487\" alt=\"\" srcset=\"https:\/\/istarmax.com\/wp-content\/uploads\/2022\/01\/2560pxdownload_on_the_app_store_badgesvg-1632293249406-1024x304-1.webp 1024w, https:\/\/istarmax.com\/wp-content\/uploads\/2022\/01\/2560pxdownload_on_the_app_store_badgesvg-1632293249406-1024x304-1-300x89.webp 300w, https:\/\/istarmax.com\/wp-content\/uploads\/2022\/01\/2560pxdownload_on_the_app_store_badgesvg-1632293249406-1024x304-1-768x228.webp 768w\" sizes=\"(max-width: 800px) 100vw, 800px\" \/>\t\t\t\t\t\t\t\t<\/a>\n\t\t\t\t\t\t\t\t\t\t\t\t\t\t\t<\/div>\n\t\t\t\t<\/div>\n\t\t\t\t\t<\/div>\n\t\t<\/div>\n\t\t\t\t<div class=\"elementor-column elementor-col-50 elementor-inner-column elementor-element elementor-element-174ad67\" data-id=\"174ad67\" data-element_type=\"column\" data-e-type=\"column\">\n\t\t\t<div class=\"elementor-widget-wrap elementor-element-populated\">\n\t\t\t\t\t\t<div class=\"elementor-element elementor-element-c1d5841 elementor-widget elementor-widget-image\" data-id=\"c1d5841\" data-element_type=\"widget\" data-e-type=\"widget\" data-widget_type=\"image.default\">\n\t\t\t\t<div class=\"elementor-widget-container\">\n\t\t\t\t\t\t\t\t\t\t\t\t\t\t\t\t<a href=\"https:\/\/play.google.com\/store\/apps\/details?id=com.starmax.runmefit\">\n\t\t\t\t\t\t\t<img loading=\"lazy\" decoding=\"async\" width=\"523\" height=\"155\" src=\"https:\/\/istarmax.com\/wp-content\/uploads\/2022\/01\/appstoreandroiddownload-1632293249407.webp\" class=\"attachment-large size-large wp-image-12488\" alt=\"\" srcset=\"https:\/\/istarmax.com\/wp-content\/uploads\/2022\/01\/appstoreandroiddownload-1632293249407.webp 523w, https:\/\/istarmax.com\/wp-content\/uploads\/2022\/01\/appstoreandroiddownload-1632293249407-300x89.webp 300w\" sizes=\"(max-width: 523px) 100vw, 523px\" \/>\t\t\t\t\t\t\t\t<\/a>\n\t\t\t\t\t\t\t\t\t\t\t\t\t\t\t<\/div>\n\t\t\t\t<\/div>\n\t\t\t\t\t<\/div>\n\t\t<\/div>\n\t\t\t\t\t<\/div>\n\t\t<\/section>\n\t\t\t\t\t<\/div>\n\t\t<\/div>\n\t\t\t\t\t<\/div>\n\t\t<\/section>\n\t\t\t\t<section class=\"elementor-section elementor-top-section elementor-element elementor-element-c5fbf5e elementor-section-boxed elementor-section-height-default elementor-section-height-default\" data-id=\"c5fbf5e\" data-element_type=\"section\" data-e-type=\"section\">\n\t\t\t\t\t\t<div class=\"elementor-container elementor-column-gap-default\">\n\t\t\t\t\t<div class=\"elementor-column elementor-col-100 elementor-top-column elementor-element elementor-element-36ff99d\" data-id=\"36ff99d\" data-element_type=\"column\" data-e-type=\"column\">\n\t\t\t<div class=\"elementor-widget-wrap elementor-element-populated\">\n\t\t\t\t\t\t<div class=\"elementor-element elementor-element-110ae9a elementor-widget elementor-widget-text-editor\" data-id=\"110ae9a\" data-element_type=\"widget\" data-e-type=\"widget\" data-widget_type=\"text-editor.default\">\n\t\t\t\t<div class=\"elementor-widget-container\">\n\t\t\t\t\t\t\t\t\t<p><em>*Minimale Systemanforderungen finden Sie auf der Download-Seite im App Store oder bei Google Play.<\/em><\/p>\n\t\t\t\t\t\t\t\t<\/div>\n\t\t\t\t<\/div>\n\t\t\t\t\t<\/div>\n\t\t<\/div>\n\t\t\t\t\t<\/div>\n\t\t<\/section>\n\t\t\t\t<\/div>\n\t\t","protected":false},"excerpt":{"rendered":"<p>Runmefit App f\u00fcr Starmax-Produkte Runmefit App f\u00fcr Starmax-Produkte Genie\u00dfen Sie Gesundheits-, Fitness- und Lifestyle-Management in einer App. Laden Sie Runmefit herunter, um es mit Ihrem Produkt zu koppeln. Funktioniert mit iPhone oder Android-Ger\u00e4t. Die Runmefit App kann kostenlos heruntergeladen werden. Klicken Sie auf die Abzeichen unten, um zur Download-Seite weiterzuleiten. *Minimale Systemanforderungen finden Sie auf [&hellip;]<\/p>\n","protected":false},"author":1,"featured_media":0,"parent":11776,"menu_order":0,"comment_status":"closed","ping_status":"closed","template":"","meta":{"_seopress_robots_primary_cat":"","_seopress_titles_title":"","_seopress_titles_desc":"","_seopress_robots_index":"","_angie_page":false,"footnotes":""},"class_list":["post-12485","page","type-page","status-publish","hentry"],"yoast_head":"<!-- This site is optimized with the Yoast SEO plugin v27.4 - https:\/\/yoast.com\/product\/yoast-seo-wordpress\/ -->\n<title>App-Download - Smart Watch, Fitness Tracker Manufacturer, OEM, ODM | Starmax Technology<\/title>\n<meta name=\"robots\" content=\"index, follow, max-snippet:-1, max-image-preview:large, max-video-preview:-1\" \/>\n<link rel=\"canonical\" href=\"https:\/\/istarmax.com\/de\/dienste\/app-download\/\" \/>\n<meta property=\"og:locale\" content=\"de_DE\" \/>\n<meta property=\"og:type\" content=\"article\" \/>\n<meta property=\"og:title\" content=\"App-Download - Smart Watch, Fitness Tracker Manufacturer, OEM, ODM | Starmax Technology\" \/>\n<meta property=\"og:description\" content=\"Runmefit App f\u00fcr Starmax-Produkte Runmefit App f\u00fcr Starmax-Produkte Genie\u00dfen Sie Gesundheits-, Fitness- und Lifestyle-Management in einer App. Laden Sie Runmefit herunter, um es mit Ihrem Produkt zu koppeln. Funktioniert mit iPhone oder Android-Ger\u00e4t. Die Runmefit App kann kostenlos heruntergeladen werden. Klicken Sie auf die Abzeichen unten, um zur Download-Seite weiterzuleiten. *Minimale Systemanforderungen finden Sie auf [&hellip;]\" \/>\n<meta property=\"og:url\" content=\"https:\/\/istarmax.com\/de\/dienste\/app-download\/\" \/>\n<meta property=\"og:site_name\" content=\"Smart Watch, Fitness Tracker Manufacturer, OEM, ODM | Starmax Technology\" \/>\n<meta property=\"article:publisher\" content=\"https:\/\/www.facebook.com\/istarmax\" \/>\n<meta property=\"article:modified_time\" content=\"2024-11-07T07:35:50+00:00\" \/>\n<meta property=\"og:image\" content=\"https:\/\/istarmax.com\/wp-content\/uploads\/2023\/12\/cartoon-illustration-of-a-highly-diverse-group-of-people-running-jpeg.webp\" \/>\n<meta name=\"twitter:card\" content=\"summary_large_image\" \/>\n<script type=\"application\/ld+json\" class=\"yoast-schema-graph\">{\"@context\":\"https:\\\/\\\/schema.org\",\"@graph\":[{\"@type\":\"WebPage\",\"@id\":\"https:\\\/\\\/istarmax.com\\\/de\\\/dienste\\\/app-download\\\/\",\"url\":\"https:\\\/\\\/istarmax.com\\\/de\\\/dienste\\\/app-download\\\/\",\"name\":\"App-Download - Smart Watch, Fitness Tracker Manufacturer, OEM, ODM | Starmax Technology\",\"isPartOf\":{\"@id\":\"https:\\\/\\\/istarmax.com\\\/de\\\/#website\"},\"primaryImageOfPage\":{\"@id\":\"https:\\\/\\\/istarmax.com\\\/de\\\/dienste\\\/app-download\\\/#primaryimage\"},\"image\":{\"@id\":\"https:\\\/\\\/istarmax.com\\\/de\\\/dienste\\\/app-download\\\/#primaryimage\"},\"thumbnailUrl\":\"https:\\\/\\\/istarmax.com\\\/wp-content\\\/uploads\\\/2023\\\/12\\\/cartoon-illustration-of-a-highly-diverse-group-of-people-running-jpeg.webp\",\"datePublished\":\"2021-12-31T02:22:05+00:00\",\"dateModified\":\"2024-11-07T07:35:50+00:00\",\"breadcrumb\":{\"@id\":\"https:\\\/\\\/istarmax.com\\\/de\\\/dienste\\\/app-download\\\/#breadcrumb\"},\"inLanguage\":\"de\",\"potentialAction\":[{\"@type\":\"ReadAction\",\"target\":[\"https:\\\/\\\/istarmax.com\\\/de\\\/dienste\\\/app-download\\\/\"]}]},{\"@type\":\"ImageObject\",\"inLanguage\":\"de\",\"@id\":\"https:\\\/\\\/istarmax.com\\\/de\\\/dienste\\\/app-download\\\/#primaryimage\",\"url\":\"https:\\\/\\\/istarmax.com\\\/wp-content\\\/uploads\\\/2023\\\/12\\\/cartoon-illustration-of-a-highly-diverse-group-of-people-running-jpeg.webp\",\"contentUrl\":\"https:\\\/\\\/istarmax.com\\\/wp-content\\\/uploads\\\/2023\\\/12\\\/cartoon-illustration-of-a-highly-diverse-group-of-people-running-jpeg.webp\"},{\"@type\":\"BreadcrumbList\",\"@id\":\"https:\\\/\\\/istarmax.com\\\/de\\\/dienste\\\/app-download\\\/#breadcrumb\",\"itemListElement\":[{\"@type\":\"ListItem\",\"position\":1,\"name\":\"Home\",\"item\":\"https:\\\/\\\/istarmax.com\\\/de\\\/\"},{\"@type\":\"ListItem\",\"position\":2,\"name\":\"App-Download\"}]},{\"@type\":\"WebSite\",\"@id\":\"https:\\\/\\\/istarmax.com\\\/de\\\/#website\",\"url\":\"https:\\\/\\\/istarmax.com\\\/de\\\/\",\"name\":\"Smart Watch, Fitness Tracker Manufacturer, OEM, ODM | Starmax Technology\",\"description\":\"\",\"potentialAction\":[{\"@type\":\"SearchAction\",\"target\":{\"@type\":\"EntryPoint\",\"urlTemplate\":\"https:\\\/\\\/istarmax.com\\\/de\\\/?s={search_term_string}\"},\"query-input\":{\"@type\":\"PropertyValueSpecification\",\"valueRequired\":true,\"valueName\":\"search_term_string\"}}],\"inLanguage\":\"de\"}]}<\/script>\n<!-- \/ Yoast SEO plugin. -->","yoast_head_json":{"title":"App-Download - Smart Watch, Fitness Tracker Manufacturer, OEM, ODM | Starmax Technology","robots":{"index":"index","follow":"follow","max-snippet":"max-snippet:-1","max-image-preview":"max-image-preview:large","max-video-preview":"max-video-preview:-1"},"canonical":"https:\/\/istarmax.com\/de\/dienste\/app-download\/","og_locale":"de_DE","og_type":"article","og_title":"App-Download - Smart Watch, Fitness Tracker Manufacturer, OEM, ODM | Starmax Technology","og_description":"Runmefit App f\u00fcr Starmax-Produkte Runmefit App f\u00fcr Starmax-Produkte Genie\u00dfen Sie Gesundheits-, Fitness- und Lifestyle-Management in einer App. Laden Sie Runmefit herunter, um es mit Ihrem Produkt zu koppeln. Funktioniert mit iPhone oder Android-Ger\u00e4t. Die Runmefit App kann kostenlos heruntergeladen werden. Klicken Sie auf die Abzeichen unten, um zur Download-Seite weiterzuleiten. *Minimale Systemanforderungen finden Sie auf [&hellip;]","og_url":"https:\/\/istarmax.com\/de\/dienste\/app-download\/","og_site_name":"Smart Watch, Fitness Tracker Manufacturer, OEM, ODM | Starmax Technology","article_publisher":"https:\/\/www.facebook.com\/istarmax","article_modified_time":"2024-11-07T07:35:50+00:00","og_image":[{"url":"https:\/\/istarmax.com\/wp-content\/uploads\/2023\/12\/cartoon-illustration-of-a-highly-diverse-group-of-people-running-jpeg.webp","type":"","width":"","height":""}],"twitter_card":"summary_large_image","schema":{"@context":"https:\/\/schema.org","@graph":[{"@type":"WebPage","@id":"https:\/\/istarmax.com\/de\/dienste\/app-download\/","url":"https:\/\/istarmax.com\/de\/dienste\/app-download\/","name":"App-Download - Smart Watch, Fitness Tracker Manufacturer, OEM, ODM | Starmax Technology","isPartOf":{"@id":"https:\/\/istarmax.com\/de\/#website"},"primaryImageOfPage":{"@id":"https:\/\/istarmax.com\/de\/dienste\/app-download\/#primaryimage"},"image":{"@id":"https:\/\/istarmax.com\/de\/dienste\/app-download\/#primaryimage"},"thumbnailUrl":"https:\/\/istarmax.com\/wp-content\/uploads\/2023\/12\/cartoon-illustration-of-a-highly-diverse-group-of-people-running-jpeg.webp","datePublished":"2021-12-31T02:22:05+00:00","dateModified":"2024-11-07T07:35:50+00:00","breadcrumb":{"@id":"https:\/\/istarmax.com\/de\/dienste\/app-download\/#breadcrumb"},"inLanguage":"de","potentialAction":[{"@type":"ReadAction","target":["https:\/\/istarmax.com\/de\/dienste\/app-download\/"]}]},{"@type":"ImageObject","inLanguage":"de","@id":"https:\/\/istarmax.com\/de\/dienste\/app-download\/#primaryimage","url":"https:\/\/istarmax.com\/wp-content\/uploads\/2023\/12\/cartoon-illustration-of-a-highly-diverse-group-of-people-running-jpeg.webp","contentUrl":"https:\/\/istarmax.com\/wp-content\/uploads\/2023\/12\/cartoon-illustration-of-a-highly-diverse-group-of-people-running-jpeg.webp"},{"@type":"BreadcrumbList","@id":"https:\/\/istarmax.com\/de\/dienste\/app-download\/#breadcrumb","itemListElement":[{"@type":"ListItem","position":1,"name":"Home","item":"https:\/\/istarmax.com\/de\/"},{"@type":"ListItem","position":2,"name":"App-Download"}]},{"@type":"WebSite","@id":"https:\/\/istarmax.com\/de\/#website","url":"https:\/\/istarmax.com\/de\/","name":"Smart Watch, Fitness Tracker Manufacturer, OEM, ODM | Starmax Technology","description":"","potentialAction":[{"@type":"SearchAction","target":{"@type":"EntryPoint","urlTemplate":"https:\/\/istarmax.com\/de\/?s={search_term_string}"},"query-input":{"@type":"PropertyValueSpecification","valueRequired":true,"valueName":"search_term_string"}}],"inLanguage":"de"}]}},"_links":{"self":[{"href":"https:\/\/istarmax.com\/de\/wp-json\/wp\/v2\/pages\/12485","targetHints":{"allow":["GET"]}}],"collection":[{"href":"https:\/\/istarmax.com\/de\/wp-json\/wp\/v2\/pages"}],"about":[{"href":"https:\/\/istarmax.com\/de\/wp-json\/wp\/v2\/types\/page"}],"author":[{"embeddable":true,"href":"https:\/\/istarmax.com\/de\/wp-json\/wp\/v2\/users\/1"}],"replies":[{"embeddable":true,"href":"https:\/\/istarmax.com\/de\/wp-json\/wp\/v2\/comments?post=12485"}],"version-history":[{"count":0,"href":"https:\/\/istarmax.com\/de\/wp-json\/wp\/v2\/pages\/12485\/revisions"}],"up":[{"embeddable":true,"href":"https:\/\/istarmax.com\/de\/wp-json\/wp\/v2\/pages\/11776"}],"wp:attachment":[{"href":"https:\/\/istarmax.com\/de\/wp-json\/wp\/v2\/media?parent=12485"}],"curies":[{"name":"wp","href":"https:\/\/api.w.org\/{rel}","templated":true}]}}